{"id":137,"date":"2020-06-08T12:42:39","date_gmt":"2020-06-08T10:42:39","guid":{"rendered":"https:\/\/blog.photobone.com\/?page_id=137"},"modified":"2023-05-02T21:14:50","modified_gmt":"2023-05-02T19:14:50","slug":"studio-help","status":"publish","type":"page","link":"https:\/\/blog.photobone.com\/cs\/studio-help\/","title":{"rendered":"N\u00e1pov\u011bda"},"content":{"rendered":"\n<h2 class=\"wp-block-heading\">Kiosek<\/h2>\n\n\n\n<ul>\n<li><a href=\"https:\/\/blog.photobone.com\/cs\/909-2\/\" data-type=\"post\" data-id=\"909\">Pokyny pro u\u017e\u00edv\u00e1n\u00ed kiosku<\/a><\/li>\n<\/ul>\n\n\n\n<h2 class=\"wp-block-heading\">Software<\/h2>\n\n\n\n<h5 class=\"wp-block-heading\">Z\u00e1klady<\/h5>\n\n\n\n<ul>\n<li><a href=\"https:\/\/blog.photobone.com\/cs\/studio-quick-start\/\" data-type=\"post\">Prvn\u00ed sezn\u00e1men\u00ed<\/a><\/li>\n\n\n\n<li><a href=\"https:\/\/blog.photobone.com\/cs\/priprava-programu-pred-akci\/\">P\u0159\u00edprava programu p\u0159ed akc\u00ed<\/a><\/li>\n\n\n\n<li><a href=\"https:\/\/blog.photobone.com\/cs\/fotoaparaty-canon\/\">Fotoapar\u00e1ty Canon<\/a><\/li>\n\n\n\n<li><a href=\"https:\/\/blog.photobone.com\/cs\/panel-history\/\" data-type=\"post\">Panel historie<\/a><\/li>\n<\/ul>\n\n\n\n<h5 class=\"wp-block-heading\">Pokro\u010dil\u00e9 funkce<\/h5>\n\n\n\n<ul>\n<li><a href=\"https:\/\/blog.photobone.com\/cs\/webova-galerie\/\">Webov\u00e1 galerie<\/a><\/li>\n\n\n\n<li><a href=\"https:\/\/blog.photobone.com\/cs\/podpora-vice-tiskaren\/\">Podpora v\u00edce tisk\u00e1ren<\/a><\/li>\n\n\n\n<li><a href=\"https:\/\/blog.photobone.com\/cs\/mozaiky\/\">Mozaiky<\/a><\/li>\n<\/ul>\n\n\n\n<h5 class=\"wp-block-heading\">Z\u00e1kaznick\u00e1 obrazovka<\/h5>\n\n\n\n<ul>\n<li><a href=\"https:\/\/blog.photobone.com\/cs\/pomocna-tlacitka-na-zakaznicke-obrazovce\/\">Pomocn\u00e1 tla\u010d\u00edtka na z\u00e1kaznick\u00e9 obrazovce<\/a><\/li>\n\n\n\n<li><a href=\"https:\/\/blog.photobone.com\/cs\/sekundarni-zakaznicka-obrazovka\/\">Druh\u00e1 z\u00e1kaznick\u00e1 obrazovka<\/a><\/li>\n<\/ul>\n\n\n\n<h5 class=\"wp-block-heading\">\u0158e\u0161en\u00ed probl\u00e9m\u016f<\/h5>\n\n\n\n<ul>\n<li><a href=\"https:\/\/blog.photobone.com\/cs\/problem-obrazovka-zcerna-kdyz-se-ze-zakaznicke-obrazovky-prepne-do-galerie-pro-dotisk\/\" data-type=\"post\">Obrazovka z\u010dern\u00e1, kdy\u017e se ze z\u00e1kaznick\u00e9 obrazovky p\u0159epne do galerie pro dotisk<\/a><\/li>\n<\/ul>\n","protected":false},"excerpt":{"rendered":"<p>Kiosek Software Z\u00e1klady Pokro\u010dil\u00e9 funkce Z\u00e1kaznick\u00e1 obrazovka \u0158e\u0161en\u00ed probl\u00e9m\u016f<\/p>\n","protected":false},"author":1,"featured_media":0,"parent":0,"menu_order":0,"comment_status":"closed","ping_status":"closed","template":"","meta":[],"translation":{"provider":"WPGlobus","version":"2.12.2","language":"cs","enabled_languages":["en","cs"],"languages":{"en":{"title":true,"content":true,"excerpt":false},"cs":{"title":true,"content":true,"excerpt":false}}},"_links":{"self":[{"href":"https:\/\/blog.photobone.com\/cs\/wp-json\/wp\/v2\/pages\/137"}],"collection":[{"href":"https:\/\/blog.photobone.com\/cs\/wp-json\/wp\/v2\/pages"}],"about":[{"href":"https:\/\/blog.photobone.com\/cs\/wp-json\/wp\/v2\/types\/page"}],"author":[{"embeddable":true,"href":"https:\/\/blog.photobone.com\/cs\/wp-json\/wp\/v2\/users\/1"}],"replies":[{"embeddable":true,"href":"https:\/\/blog.photobone.com\/cs\/wp-json\/wp\/v2\/comments?post=137"}],"version-history":[{"count":63,"href":"https:\/\/blog.photobone.com\/cs\/wp-json\/wp\/v2\/pages\/137\/revisions"}],"predecessor-version":[{"id":939,"href":"https:\/\/blog.photobone.com\/cs\/wp-json\/wp\/v2\/pages\/137\/revisions\/939"}],"wp:attachment":[{"href":"https:\/\/blog.photobone.com\/cs\/wp-json\/wp\/v2\/media?parent=137"}],"curies":[{"name":"wp","href":"https:\/\/api.w.org\/{rel}","templated":true}]}}